{"id":3436,"date":"2021-03-03T10:11:15","date_gmt":"2021-03-03T10:11:15","guid":{"rendered":"https:\/\/alquiler.sailboardstarifa.com\/?page_id=3436"},"modified":"2021-03-04T11:51:58","modified_gmt":"2021-03-04T11:51:58","slug":"politica-de-cookies","status":"publish","type":"page","link":"https:\/\/alquiler.sailboardstarifa.com\/en\/politica-de-cookies\/","title":{"rendered":"Cookies policy"},"content":{"rendered":"<div data-elementor-type=\"wp-page\" data-elementor-id=\"3436\" class=\"elementor elementor-3436\" data-elementor-settings=\"[]\">\n\t\t\t\t\t\t<div class=\"elementor-inner\">\n\t\t\t\t\t\t\t<div class=\"elementor-section-wrap\">\n\t\t\t\t\t\t\t<section class=\"has_eae_slider elementor-section elementor-top-section elementor-element elementor-element-14a597e elementor-section-boxed elementor-section-height-default elementor-section-height-default\" data-id=\"14a597e\" data-element_type=\"section\">\n\t\t\t\t\t\t<div class=\"elementor-container elementor-column-gap-default\">\n\t\t\t\t\t\t\t<div class=\"elementor-row\">\n\t\t\t\t\t<div class=\"has_eae_slider elementor-column elementor-col-100 elementor-top-column elementor-element elementor-element-65712b5\" data-id=\"65712b5\" data-element_type=\"column\">\n\t\t\t<div class=\"elementor-column-wrap elementor-element-populated\">\n\t\t\t\t\t\t\t<div class=\"elementor-widget-wrap\">\n\t\t\t\t\t\t<div class=\"elementor-element elementor-element-1f44eca elementor-widget elementor-widget-text-editor\" data-id=\"1f44eca\" data-element_type=\"widget\" data-widget_type=\"text-editor.default\">\n\t\t\t\t<div class=\"elementor-widget-container\">\n\t\t\t\t\t<div class=\"elementor-text-editor elementor-clearfix\"><h1>Cookies policy<\/h1><p>\u00a0<\/p><p>A continuaci\u00f3n, se establecen las principales obligaciones en materia de cookies tales como; informaci\u00f3n al usuario de la web del tipo de cookies utilizadas por la web, finalidades de las mismas, consentimiento del usuario, formas de pedir el consentimiento, aviso legal, pol\u00edtica de cookies, etc.<\/p><p>\u00a0<\/p><h2>Concepto de Cookies<\/h2><p>Las cookies son ficheros que se almacenan en el ordenador del usuario que navega a trav\u00e9s de Internet y que, en particular, contiene un n\u00famero que permite identificar un\u00edvocamente el ordenador del usuario, aunque \u00e9ste cambie de localizaci\u00f3n o de direcci\u00f3n IP.<\/p><p>Las cookies son instaladas durante la navegaci\u00f3n por Internet, bien por los sitios web que visita el usuario o bien por terceros con los que se relaciona el sitio web, y permiten a \u00e9ste conocer su actividad en el mismo sitio o en otros con los que se relaciona \u00e9ste, por ejemplo: el lugar desde el que accede, el tiempo de conexi\u00f3n, el dispositivo desde el que accede (fijo o m\u00f3vil), el sistema operativo y navegador utilizados, las p\u00e1ginas m\u00e1s visitadas, el n\u00famero de clic realizados y de datos respecto al comportamiento del usuario en Internet.<\/p><p>El sitio web es accesible sin necesidad de que las cookies est\u00e9n activadas, si bien, su desactivaci\u00f3n puede impedir el correcto funcionamiento del mismo.<\/p><p>\u00a0<\/p><h2>Tipos de Cookies<\/h2><p>Las cookies pueden clasificarse en funci\u00f3n a la entidad que las gestiona, seg\u00fan el tiempo que permanecen activadas en el equipo terminal y seg\u00fan su finalidad.<\/p><p>La obligaci\u00f3n principal para las Empresas o prestadores de servicios en la sociedad de la informaci\u00f3n o internet, mediante medios como p\u00e1ginas web, plataformas o aplicaciones inform\u00e1ticas la establece el art. 22.2 de la LSSI que, establece:<\/p><p>\u201cLos prestadores de servicios podr\u00e1n utilizar dispositivos de almacenamiento y recuperaci\u00f3n de datos en equipos terminales de los destinatarios, a condici\u00f3n de que los mismos hayan dado su consentimiento despu\u00e9s de que se les haya facilitado informaci\u00f3n clara y completa sobre su utilizaci\u00f3n, en particular, sobre los fines del tratamiento de los datos, con arreglo a lo dispuesto en la Ley Org\u00e1nica 15\/1999, de 13 de Diciembre, de Protecci\u00f3n de Datos de Car\u00e1cter Personal.\u201d<\/p><p>As\u00ed mismo, quedan exceptuadas del cumplimiento de las obligaciones establecidas en el art\u00edculo 22.2 de la LSSI las cookies utilizadas para alguna de las siguientes finalidades:<\/p><p>Permitir \u00fanicamente la comunicaci\u00f3n entre el equipo del usuario y la red.<br \/>Estrictamente prestar un servicio expresamente solicitado por el usuario.<br \/>En este sentido, las cookies que estar\u00edan exceptuadas de las obligaciones dispuestas en el art. 22.2 las que tengan las siguientes finalidades:<\/p><ul><li>Cookies de entrada del usuario.<\/li><li>Cookies de autenticaci\u00f3n o identificaci\u00f3n de usuario (\u00fanicamente de sesi\u00f3n).<\/li><li>Cookies de seguridad del usuario. (intentos err\u00f3neos y reiterados de conexi\u00f3n).<\/li><li>Cookies de sesi\u00f3n de reproductor multimedia.<\/li><li>Cookies de sesi\u00f3n para equilibrar la carga.<\/li><li>Cookies de personalizaci\u00f3n de la interfaz de usuario.<\/li><li>Cookies de complemento para intercambiar contenidos sociales.<\/li><\/ul><p>Estas cookies quedan excluidas del \u00e1mbito de aplicaci\u00f3n del art. 22.2 de la LSSI, y por lo tanto, no ser\u00eda necesario informar ni obtener el consentimiento sobre su uso. Por el contrario, ser\u00eda necesario informar y obtener el consentimiento para la instalaci\u00f3n y utilizaci\u00f3n de cualesquiera otro tipo de cookies, tanto de primera como de tercera parte, de sesi\u00f3n o persistentes, quedando sometidas al \u00e1mbito de aplicaci\u00f3n del art\u00edculo 22.2 de la LSSI, sobre las que ser\u00e1n \u00fatiles las orientaciones de este documento.<\/p><p>\u00a0<\/p><h3>Las cookies seg\u00fan la entidad que las gestione, pueden ser:<\/h3><p><strong>Cookies propias:<\/strong>\u00a0Son aquellas que se env\u00edan al equipo terminal del usuario desde un equipo o dominio gestionado por el propio editor y desde el que se presta el servicio solicitado por el usuario.<\/p><p><strong>Cookies de tercero:<\/strong>\u00a0Son aquellas que se env\u00edan al equipo terminal del usuario desde un equipo o dominio que no es gestionado por el editor, sino por otra entidad que trata los datos obtenidos a trav\u00e9s de las cookies.<\/p><p>\u00a0<\/p><h3>Las cookies seg\u00fan el plazo de tiempo que permanecen activadas en el equipo terminal podemos distinguir:<\/h3><p><strong>Cookies de sesi\u00f3n:<\/strong>\u00a0Son un tipo de cookies dise\u00f1adas para recabar y almacenar datos mientras el usuario accede a una p\u00e1gina web.<\/p><p><strong>Cookies persistentes:<\/strong>\u00a0Son un tipo de cookies en el que los datos siguen almacenados en el terminal y pueden ser accedidos y tratados durante un periodo definido por el responsable de la cookie, y que puede ir de unos minutos a varios a\u00f1os.<\/p><p>\u00a0<\/p><h3>Las cookies seg\u00fan su finalidad, pueden ser:<\/h3><p><strong>Cookies t\u00e9cnicas:<\/strong>\u00a0Son aquellas que permiten al usuario la navegaci\u00f3n a trav\u00e9s de una p\u00e1gina web, plataforma o aplicaci\u00f3n y la utilizaci\u00f3n de las diferentes opciones o servicios que en ella existan como, por ejemplo, controlar el tr\u00e1fico y la comunicaci\u00f3n de datos, identificar la sesi\u00f3n, acceder a partes de acceso restringido, recordar los elementos que integran un pedido, realizar el proceso de compra de un pedido, realizar la solicitud de inscripci\u00f3n o participaci\u00f3n de un evento, utilizar elementos de seguridad durante la navegaci\u00f3n, almacenar contenidos para la difusi\u00f3n de videos o sonido o compartir contenidos a trav\u00e9s de redes sociales.<\/p><p><strong>Cookies de personalizaci\u00f3n:<\/strong>\u00a0Son aquellas que permiten al usuario acceder al servicio con algunas caracter\u00edsticas de car\u00e1cter general predefinidas en funci\u00f3n de una serie de criterios en el terminal del usuario como por ejemplo serian el idioma, el tipo de navegador a trav\u00e9s del cual accede al servicio, la configuraci\u00f3n regional desde donde accede al servicio, etc.<\/p><p><strong>Cookies de an\u00e1lisis:<\/strong>\u00a0Son aquellas que permiten al responsable de las mismas, el seguimiento y an\u00e1lisis del comportamiento de los usuarios de los sitios web a los que est\u00e1n vinculadas. La informaci\u00f3n recogida mediante este tipo de cookies se utiliza en la medici\u00f3n de la actividad de los sitios web, aplicaci\u00f3n o plataforma y para la elaboraci\u00f3n de perfiles de navegaci\u00f3n de los usuarios de dichos sitios, aplicaciones y plataformas, con el fin de introducir mejoras en funci\u00f3n del an\u00e1lisis de los datos de uso que hacen los usuarios del servicio.<\/p><p><strong>Cookies publicitarias:<\/strong>\u00a0Son aquellas que permiten la gesti\u00f3n, de la forma m\u00e1s eficaz posible, de los espacios publicitarios que, en su caso, el editor haya incluido en una p\u00e1gina web, aplicaci\u00f3n o plataforma desde la que presta el servicio solicitado en base a criterios como el contenido editado o la frecuencia en la que se muestran los anuncios.<\/p><p><strong>Cookies de publicidad comportamental:<\/strong>\u00a0Son aquellas que permiten la gesti\u00f3n, de la forma m\u00e1s eficaz posible, de los espacios publicitarios que, en su caso, el editor haya incluido en una p\u00e1gina web, aplicaci\u00f3n o plataforma desde la que presta el servicio solicitado. Estas cookies almacenan informaci\u00f3n del comportamiento de los usuarios obtenida a trav\u00e9s de la observaci\u00f3n continuada de sus h\u00e1bitos de navegaci\u00f3n, lo que permite desarrollar un perfil espec\u00edfico para mostrar publicidad en funci\u00f3n del mismo.<\/p><p>\u00a0<\/p><h3>Tipos de Cookies que se utilizan en la Web https:\/\/www.sailboardstarifa.com\/<\/h3><p>La presente web propiedad de <strong>WIND SURES, SL,<\/strong> utiliza las siguientes cookies:<\/p><div><div data-bg-url=\"\"><div><table><tbody><tr><th>\u00a0<\/th><th>Servicio<\/th><th>Finalidad<\/th><th>Tipo<\/th><th>Dominio<\/th><th>Duraci\u00f3n<\/th><th>M\u00e1s informaci\u00f3n<\/th><\/tr><tr><td><h3>_dc_gtm_UA-xxxx<\/h3><\/td><td>Google Tag Manager<\/td><td>Empleado por Google Tag Manager para controlar la carga de los scripts de Google Analytics<\/td><td>An\u00e1lisis<\/td><td>De terceros<\/td><td>1 minuto<\/td><td>\u00a0<\/td><\/tr><tr><td><h3>_gid<\/h3><\/td><td>Google Analytics<\/td><td>Google Analytics utiliza esta cookie para comprender la interacci\u00f3n del usuario con el sitio web<\/td><td>An\u00e1lisis<\/td><td>De terceros<\/td><td>2 meses<\/td><td>\u00a0<\/td><\/tr><tr><td><h3>_ga<\/h3><\/td><td>Google Analytics<\/td><td>Esta cookie es instalada por Google Analytics. La cookie se utiliza para calcular los datos de visitantes, sesiones y campa\u00f1as, y realizar un seguimiento del uso del sitio para el informe de an\u00e1lisis del sitio. Las cookies almacenan informaci\u00f3n de forma an\u00f3nima y asignan un n\u00famero generado aleatoriamente para identificar visitantes \u00fanicos<\/td><td>An\u00e1lisis<\/td><td>De terceros<\/td><td>2 a\u00f1os<\/td><td>Click\u00a0<a href=\"https:\/\/developers.google.com\/analytics\/devguides\/collection\/analyticsjs\/cookie-usage\">Aqu\u00ed<\/a><\/td><\/tr><tr><td><h3>moove_gdpr_popup<\/h3><\/td><td>GDPR Cookie Compliance<\/td><td>Permite que salga la ventana para aceptar, rechazar o mirar los ajustes de las cookies<\/td><td>Necesaria \u2013 t\u00e9cnica<\/td><td>\u2013<\/td><td>Fin de la sesi\u00f3n del navegador<\/td><td>\u00a0<\/td><\/tr><tr><td><h3>WordPress: PHPSESSID, WP-, LOGGED\u2026<\/h3><\/td><td>WordPress<\/td><td>Cookies que cargan la apariencia de la web aplicada desde el servidor<\/td><td>Necesarias \u2013 t\u00e9cnicas<\/td><td>\u2013<\/td><td>Fin de la sesi\u00f3n del navegador<\/td><td>\u00a0<\/td><\/tr><tr><td><h3>1P_JAR<\/h3><\/td><td>Google<\/td><td>Estas cookies se establecen a trav\u00e9s de v\u00eddeos de youtube incrustados. Registran los datos estad\u00edsticos an\u00f3nimos sobre, por ejemplo, cu\u00e1ntas veces se reproduce el v\u00eddeo y las configuraciones que se utilizan para la reproducci\u00f3n<\/td><td>An\u00e1lisis<\/td><td>\u2013<\/td><td>1 mes<\/td><td>\u00a0<\/td><\/tr><tr><td><h3>ANID<\/h3><\/td><td>Google<\/td><td>Google utiliza estos cookies para hacer publicidad m\u00e1s atractiva para los usuarios y m\u00e1s valiosa para los editores y anunciantes<\/td><td>An\u00e1lisis<\/td><td>\u2013<\/td><td>10 meses<\/td><td>\u00a0<\/td><\/tr><tr><td><h3>AID<\/h3><\/td><td>Google<\/td><td>Cookie de servicios de Google: se utiliza para vincular su actividad entre dispositivos si ya ha iniciado sesi\u00f3n en su cuenta de Google en otro dispositivo<\/td><td>An\u00e1lisis<\/td><td>\u2013<\/td><td>1 a\u00f1o<\/td><td>\u00a0<\/td><\/tr><tr><td><h3>COMPASS, CONSENT<\/h3><\/td><td>Google<\/td><td>Rastreador de consentimiento de cookies de Google<\/td><td>An\u00e1lisis<\/td><td>\u2013<\/td><td>17 a\u00f1os<\/td><td>\u00a0<\/td><\/tr><tr><td><h3>NID<\/h3><\/td><td>Google<\/td><td>Estas cookies se utilizan para recopilar estad\u00edsticas del sitio web y rastrear las tasas de conversi\u00f3n y la personalizaci\u00f3n de anuncios de Google<\/td><td>An\u00e1lisis<\/td><td>\u2013<\/td><td>7 meses<\/td><td>\u00a0<\/td><\/tr><tr><td><h3>Secure-3PAPISI D, Secure-3PSID, Secure-3PSIDCC<\/h3><\/td><td>Google<\/td><td>Estas cookies se utilizan para entregar anuncios m\u00e1s relevantes para usted y sus intereses<\/td><td>An\u00e1lisis<\/td><td>\u2013<\/td><td>1-2 a\u00f1os<\/td><td>\u00a0<\/td><\/tr><tr><td><h3>IDE, DSID, RUL<\/h3><\/td><td>Google DoubleClick<\/td><td>Almacena informaci\u00f3n sobre c\u00f3mo el usuario utiliza el sitio web y cualquier otro anuncio antes de visitarlo. Se utiliza para presentar anuncios que son relevantes para los usuarios de acuerdo con su perfil<\/td><td>An\u00e1lisis<\/td><td>De terceros<\/td><td>1 a\u00f1o<\/td><td>\u00a0<\/td><\/tr><\/tbody><\/table><\/div><\/div><\/div><div><p>Dadas las caracter\u00edsticas de Internet no siempre tenemos informaci\u00f3n sobre las cookies colocadas por terceros.<\/p><\/div><p>Son cookies utilizadas para el an\u00e1lisis, investigaci\u00f3n o estad\u00edsticas con el fin de mejorar la experiencia del sitio web. Mediante el uso de estas cookies se puede mostrar informaci\u00f3n m\u00e1s relevante a los visitantes.<\/p><p>\u00a0<\/p><h3>Informaci\u00f3n sobre las obligaciones legales en el uso de la Cookies<\/h3><p>Las obligaciones legales impuestas por la normativa son dos: el deber de informaci\u00f3n y la obtenci\u00f3n del consentimiento.<\/p><p>En primer lugar lo primero que hay que hacer es identificar las cookies que se est\u00e1n instalando o utilizando, analizando si son cookies propias o de terceros, de sesi\u00f3n o permanentes y, concretando su funci\u00f3n para poder decidir si las mismas se encuentran o no en el \u00e1mbito de aplicaci\u00f3n del art\u00edculo 22.2.<\/p><p>El apartado segundo del art\u00edculo 22 de la LSSI establece que se debe facilitar a los usuarios informaci\u00f3n clara y completa sobre la utilizaci\u00f3n de los dispositivos de almacenamiento y recuperaci\u00f3n de datos y, en particular, sobre los fines del tratamiento de los datos, con arreglo a lo dispuesto en la Ley Org\u00e1nica 15\/1999, de 13 de diciembre, de protecci\u00f3n de datos de car\u00e1cter personal.<\/p><p>Por consiguiente, la informaci\u00f3n sobre las cookies facilitada en el momento de solicitar el consentimiento debe ser suficientemente completa para permitir a los usuarios entender la finalidad para las que se instalaron y conocer los usos que se les dar\u00e1n.<\/p><p>En el caso de que un usuario preste su consentimiento para el uso de cookies, la informaci\u00f3n sobre c\u00f3mo revocar el consentimiento y eliminar las cookies deber\u00e1 de estar a su disposici\u00f3n de forma accesible y permanente.<\/p><p>La informaci\u00f3n obligatoria podr\u00e1 ofrecerse mediante m\u00faltiples sistemas. Como m\u00e1s adelante veremos, generalmente, con estos medios no s\u00f3lo se suministrar\u00e1 la informaci\u00f3n necesaria, sino que tambi\u00e9n se podr\u00e1 solicitar el consentimiento del usuario para la instalaci\u00f3n de los dispositivos. Entre los m\u00e9todos m\u00e1s comunes, est\u00e1n:<\/p><p>El suministro de la informaci\u00f3n a trav\u00e9s de una barra de encabezamiento o en el pie de p\u00e1gina, de forma suficientemente visible.<br \/>Al solicitar el alta en un servicio, o antes de descargar un servicio o una aplicaci\u00f3n, podr\u00e1 suministrarse esta informaci\u00f3n junto con la pol\u00edtica de privacidad, o en los t\u00e9rminos y condiciones de uso del servicio.<\/p><p>As\u00ed mismo, deber\u00e1 ofrecerse informaci\u00f3n sobre la forma de desactivar o eliminar las cookies enunciadas a trav\u00e9s de las funcionalidades facilitadas por el editor, as\u00ed como la forma de revocaci\u00f3n del consentimiento ya prestado.<\/p><p>\u00a0<\/p><h3>Autorizaci\u00f3n para el uso de cookies<\/h3><p>De conformidad con el aviso de cookies que aparece en la p\u00e1gina del sitio web, el usuario o visitante de los mismos acepta que, al navegar por el mismo, consiente expresamente el uso de cookies seg\u00fan la descripci\u00f3n que se detalla a continuaci\u00f3n, excepto en la medida que haya modificado la configuraci\u00f3n de su navegador para rechazar la utilizaci\u00f3n de las mismas.<\/p><p>\u00a0<\/p><h3>Configuraci\u00f3n del navegador<\/h3><p>El Titular recuerda a sus usuarios que el uso de cookies podr\u00e1 estar sujeto a su aceptaci\u00f3n durante la instalaci\u00f3n o actualizaci\u00f3n del navegador utilizado por \u00e9stos.<\/p><p>Esta aceptaci\u00f3n podr\u00e1 ser revocada mediante las opciones de configuraci\u00f3n de contenidos y privacidad disponibles en el mismo. El Titular recomienda a sus usuarios que consulten la ayuda de su navegador o acceda a las p\u00e1ginas web de ayuda de los principales navegadores:<\/p><p><strong>Firefox<\/strong>: http:\/\/support.mozilla.org\/es\/kb\/cookies-informacion-que-los-sitios-web-guardan-en-<\/p><p><strong>Chrome<\/strong>: http:\/\/support.google.com\/chrome\/bin\/answer.py?hl=es&amp;answer=95647<\/p><p><strong>Safari<\/strong>: http:\/\/support.apple.com\/kb\/ph5042<\/p><p><strong>Explorer<\/strong>: http:\/\/windows.microsoft.com\/es-es\/windows7\/how-to-manage-cookies-in-internet-explorer-9<\/p><p>Si el usuario desea realizar alguna pregunta sobre la Pol\u00edtica de Cookies del Sitio Web, se puede poner en contacto con el Titular a trav\u00e9s de la siguiente direcci\u00f3n: <strong><a href=\"mailto:st@sailboardstarifa.com\">st@sailboardstarifa.com<\/a><\/strong>\u00a0indicando en el asunto \u201cPol\u00edtica de Cookies\u201c.<\/p><\/div>\n\t\t\t\t<\/div>\n\t\t\t\t<\/div>\n\t\t\t\t\t\t<\/div>\n\t\t\t\t\t<\/div>\n\t\t<\/div>\n\t\t\t\t\t\t\t\t<\/div>\n\t\t\t\t\t<\/div>\n\t\t<\/section>\n\t\t\t\t\t\t<\/div>\n\t\t\t\t\t\t<\/div>\n\t\t\t\t\t<\/div>","protected":false},"excerpt":{"rendered":"<p>Pol\u00edtica de cookies \u00a0 A continuaci\u00f3n, se establecen las principales obligaciones en materia de cookies tales como; informaci\u00f3n al usuario de la web del tipo de cookies utilizadas por la web, finalidades de las mismas, consentimiento del usuario, formas de pedir el consentimiento, aviso legal, pol\u00edtica de cookies, etc. \u00a0 Concepto de Cookies Las cookies [&hellip;]<\/p>","protected":false},"author":2,"featured_media":0,"parent":0,"menu_order":0,"comment_status":"closed","ping_status":"closed","template":"elementor_header_footer","meta":[],"yoast_head":"<!-- This site is optimized with the Yoast SEO Premium plugin v15.6.2 - https:\/\/yoast.com\/wordpress\/plugins\/seo\/ -->\n<title>Pol\u00edtica de cookies - Sailboards Tarifa<\/title>\n<meta name=\"robots\" content=\"index, follow, max-snippet:-1, max-image-preview:large, max-video-preview:-1\" \/>\n<link rel=\"canonical\" href=\"https:\/\/alquiler.sailboardstarifa.com\/en\/politica-de-cookies\/\" \/>\n<meta property=\"og:locale\" content=\"en_US\" \/>\n<meta property=\"og:type\" content=\"article\" \/>\n<meta property=\"og:title\" content=\"Pol\u00edtica de cookies - Sailboards Tarifa\" \/>\n<meta property=\"og:description\" content=\"Pol\u00edtica de cookies \u00a0 A continuaci\u00f3n, se establecen las principales obligaciones en materia de cookies tales como; informaci\u00f3n al usuario de la web del tipo de cookies utilizadas por la web, finalidades de las mismas, consentimiento del usuario, formas de pedir el consentimiento, aviso legal, pol\u00edtica de cookies, etc. \u00a0 Concepto de Cookies Las cookies [&hellip;]\" \/>\n<meta property=\"og:url\" content=\"https:\/\/alquiler.sailboardstarifa.com\/en\/politica-de-cookies\/\" \/>\n<meta property=\"og:site_name\" content=\"Sailboards Tarifa\" \/>\n<meta property=\"article:modified_time\" content=\"2021-03-04T11:51:58+00:00\" \/>\n<meta name=\"twitter:card\" content=\"summary_large_image\" \/>\n<meta name=\"twitter:label1\" content=\"Est. reading time\">\n\t<meta name=\"twitter:data1\" content=\"11 minutes\">\n<script type=\"application\/ld+json\" class=\"yoast-schema-graph\">{\"@context\":\"https:\/\/schema.org\",\"@graph\":[{\"@type\":\"WebSite\",\"@id\":\"https:\/\/alquiler.sailboardstarifa.com\/#website\",\"url\":\"https:\/\/alquiler.sailboardstarifa.com\/\",\"name\":\"Sailboards Tarifa\",\"description\":\"Alquiler windsurf, surf, bikes, foil, sup en Sailboards Tarifa.\",\"potentialAction\":[{\"@type\":\"SearchAction\",\"target\":\"https:\/\/alquiler.sailboardstarifa.com\/?s={search_term_string}\",\"query-input\":\"required name=search_term_string\"}],\"inLanguage\":\"en-US\"},{\"@type\":\"WebPage\",\"@id\":\"https:\/\/alquiler.sailboardstarifa.com\/politica-de-cookies\/#webpage\",\"url\":\"https:\/\/alquiler.sailboardstarifa.com\/politica-de-cookies\/\",\"name\":\"Pol\\u00edtica de cookies - Sailboards Tarifa\",\"isPartOf\":{\"@id\":\"https:\/\/alquiler.sailboardstarifa.com\/#website\"},\"datePublished\":\"2021-03-03T10:11:15+00:00\",\"dateModified\":\"2021-03-04T11:51:58+00:00\",\"inLanguage\":\"en-US\",\"potentialAction\":[{\"@type\":\"ReadAction\",\"target\":[\"https:\/\/alquiler.sailboardstarifa.com\/politica-de-cookies\/\"]}]}]}<\/script>\n<!-- \/ Yoast SEO Premium plugin. -->","_links":{"self":[{"href":"https:\/\/alquiler.sailboardstarifa.com\/en\/wp-json\/wp\/v2\/pages\/3436"}],"collection":[{"href":"https:\/\/alquiler.sailboardstarifa.com\/en\/wp-json\/wp\/v2\/pages"}],"about":[{"href":"https:\/\/alquiler.sailboardstarifa.com\/en\/wp-json\/wp\/v2\/types\/page"}],"author":[{"embeddable":true,"href":"https:\/\/alquiler.sailboardstarifa.com\/en\/wp-json\/wp\/v2\/users\/2"}],"replies":[{"embeddable":true,"href":"https:\/\/alquiler.sailboardstarifa.com\/en\/wp-json\/wp\/v2\/comments?post=3436"}],"version-history":[{"count":7,"href":"https:\/\/alquiler.sailboardstarifa.com\/en\/wp-json\/wp\/v2\/pages\/3436\/revisions"}],"predecessor-version":[{"id":3615,"href":"https:\/\/alquiler.sailboardstarifa.com\/en\/wp-json\/wp\/v2\/pages\/3436\/revisions\/3615"}],"wp:attachment":[{"href":"https:\/\/alquiler.sailboardstarifa.com\/en\/wp-json\/wp\/v2\/media?parent=3436"}],"curies":[{"name":"wp","href":"https:\/\/api.w.org\/{rel}","templated":true}]}}